{"id":298,"date":"2025-08-23T07:28:34","date_gmt":"2025-08-23T07:28:34","guid":{"rendered":"https:\/\/www.mon-hypno.pro\/?page_id=298"},"modified":"2026-01-06T14:30:00","modified_gmt":"2026-01-06T13:30:00","slug":"contacts-tarifs","status":"publish","type":"page","link":"https:\/\/www.mon-hypno.pro\/index.php\/contacts-tarifs\/","title":{"rendered":"Contacts &#038; Tarifs"},"content":{"rendered":"\n<p class=\"has-text-align-center\"><strong><em>Le cabinet est partag\u00e9 entre plusieurs th\u00e9rapeutes.<br>Merci de vous assurer d&rsquo;avoir rendez-vous avant de vous rendre sur place<\/em><\/strong><\/p>\n\n\n\n\n\n<div style=\"height:33px\" aria-hidden=\"true\" class=\"wp-block-spacer\"><\/div>\n\n\n\n\n\n<div style=\"height:1px\" aria-hidden=\"true\" class=\"wp-block-spacer\"><\/div>\n\n\n\n\n\n<div style=\"height:8px\" aria-hidden=\"true\" class=\"wp-block-spacer\"><\/div>\n\n\n\n\n\n<div style=\"height:6px\" aria-hidden=\"true\" class=\"wp-block-spacer\"><\/div>\n\n\n\n<p class=\"has-text-align-center\" style=\"font-size:15px\">* <em><strong>Un tarif r\u00e9duit peut \u00eatre convenu en cas de difficult\u00e9s financi\u00e8res.<\/strong><\/em><\/p>\n\n\n\n<div style=\"height:34px\" aria-hidden=\"true\" class=\"wp-block-spacer\"><\/div>\n\n\n\n<div style=\"height:21px\" aria-hidden=\"true\" class=\"wp-block-spacer\"><\/div>\n\n\n\n<div style=\"height:19px\" aria-hidden=\"true\" class=\"wp-block-spacer\"><\/div>\n","protected":false},"excerpt":{"rendered":"<p>Le cabinet est partag\u00e9 entre plusieurs th\u00e9rapeutes.Merci de vous assurer d&rsquo;avoir rendez-vous avant de vous rendre sur place * Un tarif r\u00e9duit peut \u00eatre convenu en cas de difficult\u00e9s financi\u00e8res.<\/p>\n","protected":false},"author":1,"featured_media":0,"parent":0,"menu_order":8,"comment_status":"closed","ping_status":"closed","template":"","meta":{"saved_in_kubio":true,"footnotes":""},"class_list":["post-298","page","type-page","status-publish","hentry"],"kubio_ai_page_context":{"short_desc":"","purpose":"general"},"_links":{"self":[{"href":"https:\/\/www.mon-hypno.pro\/index.php\/wp-json\/wp\/v2\/pages\/298","targetHints":{"allow":["GET"]}}],"collection":[{"href":"https:\/\/www.mon-hypno.pro\/index.php\/wp-json\/wp\/v2\/pages"}],"about":[{"href":"https:\/\/www.mon-hypno.pro\/index.php\/wp-json\/wp\/v2\/types\/page"}],"author":[{"embeddable":true,"href":"https:\/\/www.mon-hypno.pro\/index.php\/wp-json\/wp\/v2\/users\/1"}],"replies":[{"embeddable":true,"href":"https:\/\/www.mon-hypno.pro\/index.php\/wp-json\/wp\/v2\/comments?post=298"}],"version-history":[{"count":118,"href":"https:\/\/www.mon-hypno.pro\/index.php\/wp-json\/wp\/v2\/pages\/298\/revisions"}],"predecessor-version":[{"id":1849,"href":"https:\/\/www.mon-hypno.pro\/index.php\/wp-json\/wp\/v2\/pages\/298\/revisions\/1849"}],"wp:attachment":[{"href":"https:\/\/www.mon-hypno.pro\/index.php\/wp-json\/wp\/v2\/media?parent=298"}],"curies":[{"name":"wp","href":"https:\/\/api.w.org\/{rel}","templated":true}]}}